{"id":988297,"date":"2021-08-10T13:03:27","date_gmt":"2021-08-10T13:03:27","guid":{"rendered":"https:\/\/www.barouillet.fr\/?page_id=988297"},"modified":"2022-02-22T16:15:18","modified_gmt":"2022-02-22T15:15:18","slug":"la-biodynamie","status":"publish","type":"page","link":"https:\/\/www.barouillet.com\/en\/la-biodynamie\/","title":{"rendered":"Biodynamics"},"content":{"rendered":"<div data-elementor-type=\"wp-page\" data-elementor-id=\"988297\" class=\"elementor elementor-988297\" data-elementor-post-type=\"page\">\n\t\t\t\t\t\t<section class=\"elementor-section elementor-top-section elementor-element elementor-element-842a562 elementor-section-height-min-height elementor-section-content-middle elementor-section-boxed elementor-section-height-default elementor-section-items-middle\" data-id=\"842a562\" data-element_type=\"section\" data-e-type=\"section\" data-settings=\"{&quot;background_background&quot;:&quot;classic&quot;}\">\n\t\t\t\t\t\t\t<div class=\"elementor-background-overlay\"><\/div>\n\t\t\t\t\t\t\t<div class=\"elementor-container elementor-column-gap-default\">\n\t\t\t\t\t<div class=\"elementor-column elementor-col-100 elementor-top-column elementor-element elementor-element-4f542b5\" data-id=\"4f542b5\" data-element_type=\"column\" data-e-type=\"column\">\n\t\t\t<div class=\"elementor-widget-wrap elementor-element-populated\">\n\t\t\t\t\t\t<div class=\"elementor-element elementor-element-6ae7075 elementor-headline--style-blurred_letters elementor-widget elementor-widget-vamtam-animated-headline\" data-id=\"6ae7075\" data-element_type=\"widget\" data-e-type=\"widget\" data-settings=\"{&quot;headline_style&quot;:&quot;blurred_letters&quot;,&quot;vamtam_text&quot;:&quot;La Biodynamie&quot;}\" data-widget_type=\"vamtam-animated-headline.default\">\n\t\t\t\t<div class=\"elementor-widget-container\">\n\t\t\t\t\t\t\t\t\t<h1 class=\"elementor-headline translation-block\">Biodynamics<\/h1>\n\t\t\t\t\t\t\t\t<\/div>\n\t\t\t\t<\/div>\n\t\t\t\t\t<\/div>\n\t\t<\/div>\n\t\t\t\t\t<\/div>\n\t\t<\/section>\n\t\t\t\t<section class=\"elementor-section elementor-top-section elementor-element elementor-element-9bb8c40 elementor-reverse-mobile elementor-section-content-middle elementor-reverse-tablet elementor-section-boxed elementor-section-height-default elementor-section-height-default\" data-id=\"9bb8c40\" data-element_type=\"section\" data-e-type=\"section\">\n\t\t\t\t\t\t<div class=\"elementor-container elementor-column-gap-default\">\n\t\t\t\t\t<div class=\"elementor-column elementor-col-50 elementor-top-column elementor-element elementor-element-01ff789\" data-id=\"01ff789\" data-element_type=\"column\" data-e-type=\"column\">\n\t\t\t<div class=\"elementor-widget-wrap elementor-element-populated\">\n\t\t\t\t\t\t<div class=\"elementor-element elementor-element-502266c animated-slow elementor-invisible elementor-widget elementor-widget-heading\" data-id=\"502266c\" data-element_type=\"widget\" data-e-type=\"widget\" data-settings=\"{&quot;_animation&quot;:&quot;fadeIn&quot;}\" data-widget_type=\"heading.default\">\n\t\t\t\t<div class=\"elementor-widget-container\">\n\t\t\t\t\t<h6 class=\"elementor-heading-title elementor-size-default\">The Barouillet<\/h6>\t\t\t\t<\/div>\n\t\t\t\t<\/div>\n\t\t\t\t<div class=\"elementor-element elementor-element-a65fcd6 elementor-headline--style-blurred_letters elementor-widget elementor-widget-vamtam-animated-headline\" data-id=\"a65fcd6\" data-element_type=\"widget\" data-e-type=\"widget\" data-settings=\"{&quot;headline_style&quot;:&quot;blurred_letters&quot;,&quot;vamtam_text&quot;:&quot;Agriculture Biologique&quot;}\" data-widget_type=\"vamtam-animated-headline.default\">\n\t\t\t\t<div class=\"elementor-widget-container\">\n\t\t\t\t\t\t\t\t\t<h2 class=\"elementor-headline translation-block\">Organic Agriculture<\/h2>\n\t\t\t\t\t\t\t\t<\/div>\n\t\t\t\t<\/div>\n\t\t\t\t<div class=\"elementor-element elementor-element-ccd44e1 elementor-invisible elementor-widget elementor-widget-text-editor\" data-id=\"ccd44e1\" data-element_type=\"widget\" data-e-type=\"widget\" data-settings=\"{&quot;_animation&quot;:&quot;fadeInLeft&quot;}\" data-widget_type=\"text-editor.default\">\n\t\t\t\t<div class=\"elementor-widget-container\">\n\t\t\t\t\t\t\t\t\t<p>Our approach tends to return to a peasant agriculture with an appreciation of each terroir, of each parcel, a return to good farming sense. To this end, since 2010, we have gradually converted the entire estate to organic farming until we had the entire estate certified or in conversion in 2014. We are pushing the organic approach a little further by working according to the lunar calendar both in the vineyard and in the cellar. We also try to reduce our impact on the soil and the environment as much as possible by using plant teas or decoctions with our treatment mixes. We adapt the way we cultivate the plots (grassing, tilling, mowing) according to their soil conditions and the year's climatic conditions in order to give our final wine the best of each vintage. The estate is fully certified organic since 2018. All the reds are certified biodynamic and the whites will be certified in 2022.<\/p>\t\t\t\t\t\t\t\t<\/div>\n\t\t\t\t<\/div>\n\t\t\t\t<div class=\"elementor-element elementor-element-8978899 elementor-widget__width-initial elementor-absolute elementor-widget-mobile__width-initial animated-slow elementor-invisible elementor-widget elementor-widget-image\" data-id=\"8978899\" data-element_type=\"widget\" data-e-type=\"widget\" data-settings=\"{&quot;_position&quot;:&quot;absolute&quot;,&quot;_animation&quot;:&quot;fadeIn&quot;}\" data-widget_type=\"image.default\">\n\t\t\t\t<div class=\"elementor-widget-container\">\n\t\t\t\t\t\t\t\t\t<div class=\"elementor-image\">\n\t\t\t\t\t\t\t\t\t\t\t\t\t\t\t\t\t\t\t\t\t<img decoding=\"async\" width=\"206\" height=\"200\" src=\"https:\/\/www.barouillet.com\/wp-content\/uploads\/2021\/08\/coeur-barouillet-H200-1.png\" class=\"attachment-large size-large wp-image-989345\" alt=\"\" \/>\t\t\t\t\t\t\t\t\t\t\t\t\t\t\t\t\t\t\t\t\t\t\t\t<\/div>\n\t\t\t\t\t\t\t\t<\/div>\n\t\t\t\t<\/div>\n\t\t\t\t\t<\/div>\n\t\t<\/div>\n\t\t\t\t<div class=\"elementor-column elementor-col-50 elementor-top-column elementor-element elementor-element-f1a70ac\" data-id=\"f1a70ac\" data-element_type=\"column\" data-e-type=\"column\">\n\t\t\t<div class=\"elementor-widget-wrap elementor-element-populated\">\n\t\t\t\t\t\t<div class=\"elementor-element elementor-element-15bc087 elementor-invisible elementor-widget elementor-widget-image\" data-id=\"15bc087\" data-element_type=\"widget\" data-e-type=\"widget\" data-settings=\"{&quot;_animation&quot;:&quot;imageGrowWithScaleRight&quot;}\" data-widget_type=\"image.default\">\n\t\t\t\t<div class=\"elementor-widget-container\">\n\t\t\t\t\t\t\t\t\t<div class=\"elementor-image\">\n\t\t\t\t\t\t\t\t\t\t\t<div class=\"vamtam-image-wrapper\">\n\t\t\t\t\t\t\t\t\t\t\t\t\t\t\t\t\t\t\t\t\t<img fetchpriority=\"high\" decoding=\"async\" width=\"800\" height=\"535\" src=\"https:\/\/www.barouillet.com\/wp-content\/uploads\/2021\/08\/dynamiseur-800x535-1.jpg\" class=\"attachment-full size-full wp-image-989457\" alt=\"dynamiseur biodynamique barouillet \u00e0 pomport en p\u00e9rigord\" srcset=\"https:\/\/www.barouillet.com\/wp-content\/uploads\/2021\/08\/dynamiseur-800x535-1.jpg 800w, https:\/\/www.barouillet.com\/wp-content\/uploads\/2021\/08\/dynamiseur-800x535-1-420x281.jpg 420w, https:\/\/www.barouillet.com\/wp-content\/uploads\/2021\/08\/dynamiseur-800x535-1-630x421.jpg 630w, https:\/\/www.barouillet.com\/wp-content\/uploads\/2021\/08\/dynamiseur-800x535-1-300x201.jpg 300w, https:\/\/www.barouillet.com\/wp-content\/uploads\/2021\/08\/dynamiseur-800x535-1-768x514.jpg 768w\" sizes=\"(max-width: 800px) 100vw, 800px\" \/>\t\t\t\t\t\t\t\t\t\t\t\t\t\t\t\t\t\t\t\t\t\t\t\t\t\t<\/div>\n\t\t\t\t\t\t\t\t\t<\/div>\n\t\t\t\t\t\t\t\t<\/div>\n\t\t\t\t<\/div>\n\t\t\t\t\t<\/div>\n\t\t<\/div>\n\t\t\t\t\t<\/div>\n\t\t<\/section>\n\t\t\t\t<section class=\"elementor-section elementor-top-section elementor-element elementor-element-1e95011 animated-slow elementor-section-boxed elementor-section-height-default elementor-section-height-default elementor-invisible\" data-id=\"1e95011\" data-element_type=\"section\" data-e-type=\"section\" data-settings=\"{&quot;animation&quot;:&quot;zoomIn&quot;}\">\n\t\t\t\t\t\t<div class=\"elementor-container elementor-column-gap-default\">\n\t\t\t\t\t<div class=\"elementor-column elementor-col-100 elementor-top-column elementor-element elementor-element-4298a77\" data-id=\"4298a77\" data-element_type=\"column\" data-e-type=\"column\">\n\t\t\t<div class=\"elementor-widget-wrap elementor-element-populated\">\n\t\t\t\t\t\t<div class=\"elementor-element elementor-element-835bd91 elementor-widget elementor-widget-heading\" data-id=\"835bd91\" data-element_type=\"widget\" data-e-type=\"widget\" data-widget_type=\"heading.default\">\n\t\t\t\t<div class=\"elementor-widget-container\">\n\t\t\t\t\t<h3 class=\"elementor-heading-title elementor-size-default\">\"In natural wines, the terroirs express themselves and the best terroirs stand out.\"<\/h3>\t\t\t\t<\/div>\n\t\t\t\t<\/div>\n\t\t\t\t<div class=\"elementor-element elementor-element-4fe2694 elementor-absolute elementor-widget elementor-widget-image\" data-id=\"4fe2694\" data-element_type=\"widget\" data-e-type=\"widget\" data-settings=\"{&quot;_position&quot;:&quot;absolute&quot;}\" data-widget_type=\"image.default\">\n\t\t\t\t<div class=\"elementor-widget-container\">\n\t\t\t\t\t\t\t\t\t<div class=\"elementor-image\">\n\t\t\t\t\t\t\t\t\t\t\t\t\t\t\t\t\t\t\t\t\t<img decoding=\"async\" width=\"238\" height=\"280\" src=\"https:\/\/www.barouillet.com\/wp-content\/uploads\/2021\/08\/grappe-raisin-h280.png\" class=\"attachment-large size-large wp-image-988999\" alt=\"\" \/>\t\t\t\t\t\t\t\t\t\t\t\t\t\t\t\t\t\t\t\t\t\t\t\t<\/div>\n\t\t\t\t\t\t\t\t<\/div>\n\t\t\t\t<\/div>\n\t\t\t\t<div class=\"elementor-element elementor-element-b9a87f2 elementor-widget elementor-widget-text-editor\" data-id=\"b9a87f2\" data-element_type=\"widget\" data-e-type=\"widget\" data-widget_type=\"text-editor.default\">\n\t\t\t\t<div class=\"elementor-widget-container\">\n\t\t\t\t\t\t\t\t\t<p>&#8211; Jules Chauvet<\/p>\t\t\t\t\t\t\t\t<\/div>\n\t\t\t\t<\/div>\n\t\t\t\t\t<\/div>\n\t\t<\/div>\n\t\t\t\t\t<\/div>\n\t\t<\/section>\n\t\t\t\t<section class=\"elementor-section elementor-top-section elementor-element elementor-element-e4f445f elementor-section-content-middle elementor-section-boxed elementor-section-height-default elementor-section-height-default\" data-id=\"e4f445f\" data-element_type=\"section\" data-e-type=\"section\">\n\t\t\t\t\t\t<div class=\"elementor-container elementor-column-gap-default\">\n\t\t\t\t\t<div class=\"elementor-column elementor-col-100 elementor-top-column elementor-element elementor-element-bfd798b\" data-id=\"bfd798b\" data-element_type=\"column\" data-e-type=\"column\">\n\t\t\t<div class=\"elementor-widget-wrap elementor-element-populated\">\n\t\t\t\t\t\t<div class=\"elementor-element elementor-element-e255861 elementor-invisible elementor-widget elementor-widget-image\" data-id=\"e255861\" data-element_type=\"widget\" data-e-type=\"widget\" data-settings=\"{&quot;_animation&quot;:&quot;imageGrowWithScaleBottom&quot;}\" data-widget_type=\"image.default\">\n\t\t\t\t<div class=\"elementor-widget-container\">\n\t\t\t\t\t\t\t\t\t<div class=\"elementor-image\">\n\t\t\t\t\t\t\t\t\t\t\t<div class=\"vamtam-image-wrapper\">\n\t\t\t\t\t\t\t\t\t\t\t\t\t\t\t\t\t\t\t\t\t<img loading=\"lazy\" decoding=\"async\" width=\"1600\" height=\"600\" src=\"https:\/\/www.barouillet.com\/wp-content\/uploads\/2021\/08\/Bouse-de-corne-1600x600-1.jpg\" class=\"attachment-full size-full wp-image-989461\" alt=\"bouse de corne du barouillet \u00e0 pomport en P\u00e9rigord\" srcset=\"https:\/\/www.barouillet.com\/wp-content\/uploads\/2021\/08\/Bouse-de-corne-1600x600-1.jpg 1600w, https:\/\/www.barouillet.com\/wp-content\/uploads\/2021\/08\/Bouse-de-corne-1600x600-1-420x158.jpg 420w, https:\/\/www.barouillet.com\/wp-content\/uploads\/2021\/08\/Bouse-de-corne-1600x600-1-630x236.jpg 630w, https:\/\/www.barouillet.com\/wp-content\/uploads\/2021\/08\/Bouse-de-corne-1600x600-1-300x113.jpg 300w, https:\/\/www.barouillet.com\/wp-content\/uploads\/2021\/08\/Bouse-de-corne-1600x600-1-1024x384.jpg 1024w, https:\/\/www.barouillet.com\/wp-content\/uploads\/2021\/08\/Bouse-de-corne-1600x600-1-768x288.jpg 768w, https:\/\/www.barouillet.com\/wp-content\/uploads\/2021\/08\/Bouse-de-corne-1600x600-1-1536x576.jpg 1536w, https:\/\/www.barouillet.com\/wp-content\/uploads\/2021\/08\/Bouse-de-corne-1600x600-1-840x315.jpg 840w, https:\/\/www.barouillet.com\/wp-content\/uploads\/2021\/08\/Bouse-de-corne-1600x600-1-1260x473.jpg 1260w\" sizes=\"(max-width: 1600px) 100vw, 1600px\" \/>\t\t\t\t\t\t\t\t\t\t\t\t\t\t\t\t\t\t\t\t\t\t\t\t\t\t<\/div>\n\t\t\t\t\t\t\t\t\t<\/div>\n\t\t\t\t\t\t\t\t<\/div>\n\t\t\t\t<\/div>\n\t\t\t\t\t<\/div>\n\t\t<\/div>\n\t\t\t\t\t<\/div>\n\t\t<\/section>\n\t\t\t\t<section class=\"elementor-section elementor-top-section elementor-element elementor-element-2b14ed4 elementor-section-content-middle elementor-section-boxed elementor-section-height-default elementor-section-height-default\" data-id=\"2b14ed4\" data-element_type=\"section\" data-e-type=\"section\">\n\t\t\t\t\t\t<div class=\"elementor-container elementor-column-gap-default\">\n\t\t\t\t\t<div class=\"elementor-column elementor-col-100 elementor-top-column elementor-element elementor-element-53ec9f6\" data-id=\"53ec9f6\" data-element_type=\"column\" data-e-type=\"column\">\n\t\t\t<div class=\"elementor-widget-wrap elementor-element-populated\">\n\t\t\t\t\t\t<div class=\"elementor-element elementor-element-8f45483 animated-slow elementor-invisible elementor-widget elementor-widget-heading\" data-id=\"8f45483\" data-element_type=\"widget\" data-e-type=\"widget\" data-settings=\"{&quot;_animation&quot;:&quot;fadeIn&quot;}\" data-widget_type=\"heading.default\">\n\t\t\t\t<div class=\"elementor-widget-container\">\n\t\t\t\t\t<h6 class=\"elementor-heading-title elementor-size-default\">The Barouillet<\/h6>\t\t\t\t<\/div>\n\t\t\t\t<\/div>\n\t\t\t\t<div class=\"elementor-element elementor-element-fd71b04 elementor-headline--style-blurred_letters elementor-widget elementor-widget-vamtam-animated-headline\" data-id=\"fd71b04\" data-element_type=\"widget\" data-e-type=\"widget\" data-settings=\"{&quot;headline_style&quot;:&quot;blurred_letters&quot;,&quot;vamtam_text&quot;:&quot;La Biodynamie&quot;}\" data-widget_type=\"vamtam-animated-headline.default\">\n\t\t\t\t<div class=\"elementor-widget-container\">\n\t\t\t\t\t\t\t\t\t<h2 class=\"elementor-headline translation-block\">Biodynamics<\/h2>\n\t\t\t\t\t\t\t\t<\/div>\n\t\t\t\t<\/div>\n\t\t\t\t<div class=\"elementor-element elementor-element-028c00e elementor-invisible elementor-widget elementor-widget-text-editor\" data-id=\"028c00e\" data-element_type=\"widget\" data-e-type=\"widget\" data-settings=\"{&quot;_animation&quot;:&quot;fadeInRight&quot;}\" data-widget_type=\"text-editor.default\">\n\t\t\t\t<div class=\"elementor-widget-container\">\n\t\t\t\t\t\t\t\t\t<p>Among the \"organic\" practices, biodynamics stands out by taking into account astral influences and the rhythm of nature, as well as by the use of homeopathic-type plant preparations aimed at rebalancing and revitalising the plant rather than curing it in case of illness.<\/p><p>Proposed in 1924 by Rudolph Steiner to respond to the concerns of farmers who already saw their land in danger, biodynamics is a method of cultivation that goes much further than excluding the use of synthetic chemicals. It can be summed up in the following three points:<\/p><ul><li>Enhancing the value of the soil and the plant<\/li><li>The application of preparations at specific times<\/li><li>Soil cultivation by ploughing and clawing<\/li><\/ul><p>The vineyard, like any other agricultural estate, is considered a living organism. The cultivated soil is not a simple support for the vine but a living environment, a source of energy for the plant as well as its aerial environment.<\/p><p>Thus the vine, a median organism, creates and nourishes its terroir in this inhabited and living environment that surrounds the root. The exchanges between the biology of the soil, its root and leaf systems allow the expression of the terroir in the grapes.<\/p><p>The flavours of the latter are sublimated.<\/p>\t\t\t\t\t\t\t\t<\/div>\n\t\t\t\t<\/div>\n\t\t\t\t<div class=\"elementor-element elementor-element-a01c10b elementor-widget__width-initial elementor-absolute elementor-widget-mobile__width-initial elementor-invisible elementor-widget elementor-widget-image\" data-id=\"a01c10b\" data-element_type=\"widget\" data-e-type=\"widget\" data-settings=\"{&quot;_position&quot;:&quot;absolute&quot;,&quot;_animation&quot;:&quot;fadeIn&quot;}\" data-widget_type=\"image.default\">\n\t\t\t\t<div class=\"elementor-widget-container\">\n\t\t\t\t\t\t\t\t\t<div class=\"elementor-image\">\n\t\t\t\t\t\t\t\t\t\t\t\t\t\t\t\t\t\t\t\t\t<img decoding=\"async\" width=\"206\" height=\"200\" src=\"https:\/\/www.barouillet.com\/wp-content\/uploads\/2021\/08\/coeur-barouillet-H200-1.png\" class=\"attachment-large size-large wp-image-989345\" alt=\"\" \/>\t\t\t\t\t\t\t\t\t\t\t\t\t\t\t\t\t\t\t\t\t\t\t\t<\/div>\n\t\t\t\t\t\t\t\t<\/div>\n\t\t\t\t<\/div>\n\t\t\t\t\t<\/div>\n\t\t<\/div>\n\t\t\t\t\t<\/div>\n\t\t<\/section>\n\t\t\t\t<\/div>","protected":false},"excerpt":{"rendered":"<p>L a B i o d y n a m i e Le Barouillet A g r i c u l t u r e B i o l o g i q u e Notre d\u00e9marche tend \u00e0 revenir vers une agriculture paysanne avec une appr\u00e9ciation de chaque terroir, de chaque parcelle, un retour&#8230;<\/p>","protected":false},"author":1,"featured_media":0,"parent":0,"menu_order":0,"comment_status":"closed","ping_status":"closed","template":"","meta":{"footnotes":""},"class_list":["post-988297","page","type-page","status-publish","hentry"],"yoast_head":"<!-- This site is optimized with the Yoast SEO plugin v27.2 - https:\/\/yoast.com\/product\/yoast-seo-wordpress\/ -->\n<title>La Biodynamie - Le Barouillet \u00e0 Pomport en P\u00e9rigord<\/title>\n<meta name=\"description\" content=\"D\u00e9couvrez la d\u00e9marche en Biodynamie du Barouillet \u00e0 Pomport en P\u00e9rigord. Vente de vins bio, biodynamiques, naturels de Bergerac, Monbazillac et P\u00e9charmant.\" \/>\n<meta name=\"robots\" content=\"index, follow, max-snippet:-1, max-image-preview:large, max-video-preview:-1\" \/>\n<link rel=\"canonical\" href=\"https:\/\/www.barouillet.com\/en\/la-biodynamie\/\" \/>\n<meta property=\"og:locale\" content=\"en_GB\" \/>\n<meta property=\"og:type\" content=\"article\" \/>\n<meta property=\"og:title\" content=\"La Biodynamie - Le Barouillet \u00e0 Pomport en P\u00e9rigord\" \/>\n<meta property=\"og:description\" content=\"D\u00e9couvrez la d\u00e9marche en Biodynamie du Barouillet \u00e0 Pomport en P\u00e9rigord. Vente de vins bio, biodynamiques, naturels de Bergerac, Monbazillac et P\u00e9charmant.\" \/>\n<meta property=\"og:url\" content=\"https:\/\/www.barouillet.com\/en\/la-biodynamie\/\" \/>\n<meta property=\"og:site_name\" content=\"Le Barouillet\" \/>\n<meta property=\"article:modified_time\" content=\"2022-02-22T15:15:18+00:00\" \/>\n<meta property=\"og:image\" content=\"https:\/\/www.barouillet.fr\/wp-content\/uploads\/2021\/08\/coeur-barouillet-H200-1.png\" \/>\n<meta name=\"twitter:card\" content=\"summary_large_image\" \/>\n<meta name=\"twitter:label1\" content=\"Estimated reading time\" \/>\n\t<meta name=\"twitter:data1\" content=\"4 minutes\" \/>\n<script type=\"application\/ld+json\" class=\"yoast-schema-graph\">{\"@context\":\"https:\/\/schema.org\",\"@graph\":[{\"@type\":\"WebPage\",\"@id\":\"https:\/\/www.barouillet.com\/en\/la-biodynamie\/\",\"url\":\"https:\/\/www.barouillet.com\/en\/la-biodynamie\/\",\"name\":\"La Biodynamie - Le Barouillet \u00e0 Pomport en P\u00e9rigord\",\"isPartOf\":{\"@id\":\"https:\/\/www.barouillet.com\/#website\"},\"primaryImageOfPage\":{\"@id\":\"https:\/\/www.barouillet.com\/en\/la-biodynamie\/#primaryimage\"},\"image\":{\"@id\":\"https:\/\/www.barouillet.com\/en\/la-biodynamie\/#primaryimage\"},\"thumbnailUrl\":\"https:\/\/www.barouillet.fr\/wp-content\/uploads\/2021\/08\/coeur-barouillet-H200-1.png\",\"datePublished\":\"2021-08-10T13:03:27+00:00\",\"dateModified\":\"2022-02-22T15:15:18+00:00\",\"description\":\"D\u00e9couvrez la d\u00e9marche en Biodynamie du Barouillet \u00e0 Pomport en P\u00e9rigord. Vente de vins bio, biodynamiques, naturels de Bergerac, Monbazillac et P\u00e9charmant.\",\"breadcrumb\":{\"@id\":\"https:\/\/www.barouillet.com\/en\/la-biodynamie\/#breadcrumb\"},\"inLanguage\":\"en-GB\",\"potentialAction\":[{\"@type\":\"ReadAction\",\"target\":[\"https:\/\/www.barouillet.com\/en\/la-biodynamie\/\"]}]},{\"@type\":\"ImageObject\",\"inLanguage\":\"en-GB\",\"@id\":\"https:\/\/www.barouillet.com\/en\/la-biodynamie\/#primaryimage\",\"url\":\"https:\/\/www.barouillet.fr\/wp-content\/uploads\/2021\/08\/coeur-barouillet-H200-1.png\",\"contentUrl\":\"https:\/\/www.barouillet.fr\/wp-content\/uploads\/2021\/08\/coeur-barouillet-H200-1.png\"},{\"@type\":\"BreadcrumbList\",\"@id\":\"https:\/\/www.barouillet.com\/en\/la-biodynamie\/#breadcrumb\",\"itemListElement\":[{\"@type\":\"ListItem\",\"position\":1,\"name\":\"Home\",\"item\":\"https:\/\/www.barouillet.com\/\"},{\"@type\":\"ListItem\",\"position\":2,\"name\":\"La Biodynamie\"}]},{\"@type\":\"WebSite\",\"@id\":\"https:\/\/www.barouillet.com\/#website\",\"url\":\"https:\/\/www.barouillet.com\/\",\"name\":\"Le Barouillet\",\"description\":\"Vente de vins bio, biodynamiques, naturels de Bergerac, Monbazillac et P\u00e9charmant.\",\"publisher\":{\"@id\":\"https:\/\/www.barouillet.com\/#organization\"},\"potentialAction\":[{\"@type\":\"SearchAction\",\"target\":{\"@type\":\"EntryPoint\",\"urlTemplate\":\"https:\/\/www.barouillet.com\/?s={search_term_string}\"},\"query-input\":{\"@type\":\"PropertyValueSpecification\",\"valueRequired\":true,\"valueName\":\"search_term_string\"}}],\"inLanguage\":\"en-GB\"},{\"@type\":\"Organization\",\"@id\":\"https:\/\/www.barouillet.com\/#organization\",\"name\":\"Le Barouillet\",\"url\":\"https:\/\/www.barouillet.com\/\",\"logo\":{\"@type\":\"ImageObject\",\"inLanguage\":\"en-GB\",\"@id\":\"https:\/\/www.barouillet.com\/#\/schema\/logo\/image\/\",\"url\":\"https:\/\/www.barouillet.com\/wp-content\/uploads\/2020\/03\/barouillet_logo_horizontal_H60.png\",\"contentUrl\":\"https:\/\/www.barouillet.com\/wp-content\/uploads\/2020\/03\/barouillet_logo_horizontal_H60.png\",\"width\":247,\"height\":60,\"caption\":\"Le Barouillet\"},\"image\":{\"@id\":\"https:\/\/www.barouillet.com\/#\/schema\/logo\/image\/\"}}]}<\/script>\n<!-- \/ Yoast SEO plugin. -->","yoast_head_json":{"title":"La Biodynamie - Le Barouillet \u00e0 Pomport en P\u00e9rigord","description":"D\u00e9couvrez la d\u00e9marche en Biodynamie du Barouillet \u00e0 Pomport en P\u00e9rigord. Vente de vins bio, biodynamiques, naturels de Bergerac, Monbazillac et P\u00e9charmant.","robots":{"index":"index","follow":"follow","max-snippet":"max-snippet:-1","max-image-preview":"max-image-preview:large","max-video-preview":"max-video-preview:-1"},"canonical":"https:\/\/www.barouillet.com\/en\/la-biodynamie\/","og_locale":"en_GB","og_type":"article","og_title":"La Biodynamie - Le Barouillet \u00e0 Pomport en P\u00e9rigord","og_description":"D\u00e9couvrez la d\u00e9marche en Biodynamie du Barouillet \u00e0 Pomport en P\u00e9rigord. Vente de vins bio, biodynamiques, naturels de Bergerac, Monbazillac et P\u00e9charmant.","og_url":"https:\/\/www.barouillet.com\/en\/la-biodynamie\/","og_site_name":"Le Barouillet","article_modified_time":"2022-02-22T15:15:18+00:00","og_image":[{"url":"https:\/\/www.barouillet.fr\/wp-content\/uploads\/2021\/08\/coeur-barouillet-H200-1.png","type":"","width":"","height":""}],"twitter_card":"summary_large_image","twitter_misc":{"Estimated reading time":"4 minutes"},"schema":{"@context":"https:\/\/schema.org","@graph":[{"@type":"WebPage","@id":"https:\/\/www.barouillet.com\/en\/la-biodynamie\/","url":"https:\/\/www.barouillet.com\/en\/la-biodynamie\/","name":"La Biodynamie - Le Barouillet \u00e0 Pomport en P\u00e9rigord","isPartOf":{"@id":"https:\/\/www.barouillet.com\/#website"},"primaryImageOfPage":{"@id":"https:\/\/www.barouillet.com\/en\/la-biodynamie\/#primaryimage"},"image":{"@id":"https:\/\/www.barouillet.com\/en\/la-biodynamie\/#primaryimage"},"thumbnailUrl":"https:\/\/www.barouillet.fr\/wp-content\/uploads\/2021\/08\/coeur-barouillet-H200-1.png","datePublished":"2021-08-10T13:03:27+00:00","dateModified":"2022-02-22T15:15:18+00:00","description":"D\u00e9couvrez la d\u00e9marche en Biodynamie du Barouillet \u00e0 Pomport en P\u00e9rigord. Vente de vins bio, biodynamiques, naturels de Bergerac, Monbazillac et P\u00e9charmant.","breadcrumb":{"@id":"https:\/\/www.barouillet.com\/en\/la-biodynamie\/#breadcrumb"},"inLanguage":"en-GB","potentialAction":[{"@type":"ReadAction","target":["https:\/\/www.barouillet.com\/en\/la-biodynamie\/"]}]},{"@type":"ImageObject","inLanguage":"en-GB","@id":"https:\/\/www.barouillet.com\/en\/la-biodynamie\/#primaryimage","url":"https:\/\/www.barouillet.fr\/wp-content\/uploads\/2021\/08\/coeur-barouillet-H200-1.png","contentUrl":"https:\/\/www.barouillet.fr\/wp-content\/uploads\/2021\/08\/coeur-barouillet-H200-1.png"},{"@type":"BreadcrumbList","@id":"https:\/\/www.barouillet.com\/en\/la-biodynamie\/#breadcrumb","itemListElement":[{"@type":"ListItem","position":1,"name":"Home","item":"https:\/\/www.barouillet.com\/"},{"@type":"ListItem","position":2,"name":"La Biodynamie"}]},{"@type":"WebSite","@id":"https:\/\/www.barouillet.com\/#website","url":"https:\/\/www.barouillet.com\/","name":"The Barouillet","description":"Sale of organic, biodynamic and natural wines from Bergerac, Monbazillac and P\u00e9charmant.","publisher":{"@id":"https:\/\/www.barouillet.com\/#organization"},"potentialAction":[{"@type":"SearchAction","target":{"@type":"EntryPoint","urlTemplate":"https:\/\/www.barouillet.com\/?s={search_term_string}"},"query-input":{"@type":"PropertyValueSpecification","valueRequired":true,"valueName":"search_term_string"}}],"inLanguage":"en-GB"},{"@type":"Organization","@id":"https:\/\/www.barouillet.com\/#organization","name":"The Barouillet","url":"https:\/\/www.barouillet.com\/","logo":{"@type":"ImageObject","inLanguage":"en-GB","@id":"https:\/\/www.barouillet.com\/#\/schema\/logo\/image\/","url":"https:\/\/www.barouillet.com\/wp-content\/uploads\/2020\/03\/barouillet_logo_horizontal_H60.png","contentUrl":"https:\/\/www.barouillet.com\/wp-content\/uploads\/2020\/03\/barouillet_logo_horizontal_H60.png","width":247,"height":60,"caption":"Le Barouillet"},"image":{"@id":"https:\/\/www.barouillet.com\/#\/schema\/logo\/image\/"}}]}},"_links":{"self":[{"href":"https:\/\/www.barouillet.com\/en\/wp-json\/wp\/v2\/pages\/988297","targetHints":{"allow":["GET"]}}],"collection":[{"href":"https:\/\/www.barouillet.com\/en\/wp-json\/wp\/v2\/pages"}],"about":[{"href":"https:\/\/www.barouillet.com\/en\/wp-json\/wp\/v2\/types\/page"}],"author":[{"embeddable":true,"href":"https:\/\/www.barouillet.com\/en\/wp-json\/wp\/v2\/users\/1"}],"replies":[{"embeddable":true,"href":"https:\/\/www.barouillet.com\/en\/wp-json\/wp\/v2\/comments?post=988297"}],"version-history":[{"count":95,"href":"https:\/\/www.barouillet.com\/en\/wp-json\/wp\/v2\/pages\/988297\/revisions"}],"predecessor-version":[{"id":990283,"href":"https:\/\/www.barouillet.com\/en\/wp-json\/wp\/v2\/pages\/988297\/revisions\/990283"}],"wp:attachment":[{"href":"https:\/\/www.barouillet.com\/en\/wp-json\/wp\/v2\/media?parent=988297"}],"curies":[{"name":"wp","href":"https:\/\/api.w.org\/{rel}","templated":true}]}}